{"id":95,"date":"2022-01-12T10:14:48","date_gmt":"2022-01-12T10:14:48","guid":{"rendered":"http:\/\/lathataregyesulet.hu\/?page_id=95"},"modified":"2025-04-07T13:43:19","modified_gmt":"2025-04-07T13:43:19","slug":"kokut","status":"publish","type":"page","link":"https:\/\/lathataregyesulet.hu\/index.php\/kokut\/","title":{"rendered":"K\u0151k\u00fat"},"content":{"rendered":"[vc_row type=&#8221;in_container&#8221; full_screen_row_position=&#8221;middle&#8221; column_margin=&#8221;default&#8221; column_direction=&#8221;default&#8221; column_direction_tablet=&#8221;default&#8221; column_direction_phone=&#8221;default&#8221; scene_position=&#8221;center&#8221; text_color=&#8221;dark&#8221; text_align=&#8221;left&#8221; row_border_radius=&#8221;none&#8221; row_border_radius_applies=&#8221;bg&#8221; overflow=&#8221;visible&#8221; overlay_strength=&#8221;0.3&#8243; gradient_direction=&#8221;left_to_right&#8221; shape_divider_position=&#8221;bottom&#8221; bg_image_animation=&#8221;none&#8221;][vc_column column_padding=&#8221;no-extra-padding&#8221; column_padding_tablet=&#8221;inherit&#8221; column_padding_phone=&#8221;inherit&#8221; column_padding_position=&#8221;all&#8221; column_element_spacing=&#8221;default&#8221; background_color_opacity=&#8221;1&#8243; background_hover_color_opacity=&#8221;1&#8243; column_shadow=&#8221;none&#8221; column_border_radius=&#8221;none&#8221; column_link_target=&#8221;_self&#8221; column_position=&#8221;default&#8221; gradient_direction=&#8221;left_to_right&#8221; overlay_strength=&#8221;0.3&#8243; width=&#8221;1\/1&#8243; tablet_width_inherit=&#8221;default&#8221; tablet_text_alignment=&#8221;default&#8221; phone_text_alignment=&#8221;default&#8221; animation_type=&#8221;default&#8221; bg_image_animation=&#8221;none&#8221; border_type=&#8221;simple&#8221; column_border_width=&#8221;none&#8221; column_border_style=&#8221;solid&#8221;][vc_custom_heading text=&#8221;Csillagh\u00e1z K\u0151k\u00faton&#8221; font_container=&#8221;tag:h2|text_align:center&#8221;][\/vc_column][\/vc_row][vc_row type=&#8221;in_container&#8221; full_screen_row_position=&#8221;middle&#8221; column_margin=&#8221;default&#8221; column_direction=&#8221;default&#8221; column_direction_tablet=&#8221;default&#8221; column_direction_phone=&#8221;default&#8221; scene_position=&#8221;center&#8221; text_color=&#8221;dark&#8221; text_align=&#8221;left&#8221; row_border_radius=&#8221;none&#8221; row_border_radius_applies=&#8221;bg&#8221; overflow=&#8221;visible&#8221; overlay_strength=&#8221;0.3&#8243; gradient_direction=&#8221;left_to_right&#8221; shape_divider_position=&#8221;bottom&#8221; bg_image_animation=&#8221;none&#8221;][vc_column column_padding=&#8221;no-extra-padding&#8221; column_padding_tablet=&#8221;inherit&#8221; column_padding_phone=&#8221;inherit&#8221; column_padding_position=&#8221;all&#8221; column_element_spacing=&#8221;default&#8221; centered_text=&#8221;true&#8221; background_color_opacity=&#8221;1&#8243; background_hover_color_opacity=&#8221;1&#8243; font_color=&#8221;#adadad&#8221; column_shadow=&#8221;none&#8221; column_border_radius=&#8221;none&#8221; column_link_target=&#8221;_self&#8221; column_position=&#8221;default&#8221; advanced_gradient_angle=&#8221;0&#8243; gradient_direction=&#8221;left_to_right&#8221; overlay_strength=&#8221;0.3&#8243; width=&#8221;1\/1&#8243; tablet_width_inherit=&#8221;default&#8221; tablet_text_alignment=&#8221;default&#8221; phone_text_alignment=&#8221;default&#8221; animation_type=&#8221;default&#8221; bg_image_animation=&#8221;none&#8221; border_type=&#8221;simple&#8221; column_border_width=&#8221;none&#8221; column_border_style=&#8221;solid&#8221; gradient_type=&#8221;default&#8221;][page_submenu alignment=&#8221;center&#8221;][page_link link_url=&#8221;#&#8221; title=&#8221;P\u00e1ly\u00e1zat&#8221; id=&#8221;1643019918507-1&#8243; tab_id=&#8221;1643019918508-2&#8243;] [\/page_link][page_link link_url=&#8221;#&#8221; title=&#8221;H\u00edrek&#8221; id=&#8221;1643019918556-10&#8243; tab_id=&#8221;1643019918557-9&#8243;] [\/page_link][page_link title=&#8221;Programok&#8221; id=&#8221;1643019918579-0&#8243; tab_id=&#8221;1643019918580-3&#8243; link_url=&#8221;#&#8221;][\/page_link][page_link title=&#8221;El\u00e9rhet\u0151s\u00e9gek&#8221; id=&#8221;1643019918596-5&#8243; tab_id=&#8221;1643019918597-3&#8243; link_url=&#8221;http:\/\/lathataregyesulet.hu\/index.php\/elerhetosegek-kokut\/&#8221;][\/page_link][\/page_submenu][\/vc_column][\/vc_row][vc_row type=&#8221;full_width_background&#8221; full_screen_row_position=&#8221;middle&#8221; column_margin=&#8221;90px&#8221; equal_height=&#8221;yes&#8221; content_placement=&#8221;middle&#8221; column_direction=&#8221;default&#8221; column_direction_tablet=&#8221;default&#8221; column_direction_phone=&#8221;default&#8221; bg_color=&#8221;#ffffff&#8221; scene_position=&#8221;center&#8221; constrain_group_1=&#8221;yes&#8221; top_padding_tablet=&#8221;8%&#8221; bottom_padding_tablet=&#8221;8%&#8221; text_color=&#8221;dark&#8221; text_align=&#8221;left&#8221; row_border_radius=&#8221;none&#8221; row_border_radius_applies=&#8221;bg&#8221; overflow=&#8221;visible&#8221; id=&#8221;home&#8221; overlay_strength=&#8221;0.5&#8243; gradient_direction=&#8221;top_to_bottom&#8221; shape_divider_position=&#8221;bottom&#8221; bg_image_animation=&#8221;none&#8221; shape_type=&#8221;straight_section&#8221;][vc_column column_padding=&#8221;padding-2-percent&#8221; column_padding_tablet=&#8221;no-extra-padding&#8221; column_padding_phone=&#8221;no-extra-padding&#8221; column_padding_position=&#8221;right&#8221; column_element_spacing=&#8221;default&#8221; background_color_opacity=&#8221;1&#8243; background_hover_color_opacity=&#8221;1&#8243; column_shadow=&#8221;none&#8221; column_border_radius=&#8221;none&#8221; column_link_target=&#8221;_self&#8221; column_position=&#8221;default&#8221; zindex=&#8221;100&#8243; gradient_direction=&#8221;left_t_to_right_b&#8221; overlay_strength=&#8221;0.3&#8243; width=&#8221;3\/5&#8243; tablet_width_inherit=&#8221;default&#8221; tablet_text_alignment=&#8221;default&#8221; phone_text_alignment=&#8221;default&#8221; animation_type=&#8221;default&#8221; bg_image_animation=&#8221;none&#8221; border_type=&#8221;simple&#8221; column_border_width=&#8221;none&#8221; column_border_style=&#8221;solid&#8221; offset=&#8221;vc_col-xs-12&#8243;][vc_row_inner column_margin=&#8221;default&#8221; column_direction=&#8221;default&#8221; column_direction_tablet=&#8221;default&#8221; column_direction_phone=&#8221;default&#8221; text_align=&#8221;left&#8221; row_position=&#8221;default&#8221; row_position_tablet=&#8221;inherit&#8221; row_position_phone=&#8221;inherit&#8221; overflow=&#8221;visible&#8221; pointer_events=&#8221;all&#8221; min_width=&#8221;47vh&#8221;][vc_column_inner column_padding=&#8221;no-extra-padding&#8221; column_padding_tablet=&#8221;inherit&#8221; column_padding_phone=&#8221;inherit&#8221; column_padding_position=&#8221;all&#8221; column_element_spacing=&#8221;default&#8221; background_color_opacity=&#8221;1&#8243; background_hover_color_opacity=&#8221;1&#8243; column_shadow=&#8221;none&#8221; column_border_radius=&#8221;none&#8221; column_link_target=&#8221;_self&#8221; gradient_direction=&#8221;left_to_right&#8221; overlay_strength=&#8221;0.3&#8243; width=&#8221;1\/1&#8243; tablet_width_inherit=&#8221;default&#8221; animation_type=&#8221;default&#8221; enable_animation=&#8221;true&#8221; animation=&#8221;fade-in-from-bottom&#8221; bg_image_animation=&#8221;none&#8221; border_type=&#8221;simple&#8221; column_border_width=&#8221;none&#8221; column_border_style=&#8221;solid&#8221; enable_border_animation=&#8221;true&#8221;][vc_column_text css_animation=&#8221;fadeInUp&#8221; css=&#8221;.vc_custom_1641911745196{margin-bottom: 20px !important;}&#8221;]\n<h2><strong>EFOP-1.6.2- 16 szegreg\u00e1lt \u00e9lethelyzetek felsz\u00e1mol\u00e1sa komplex programokkal<\/strong><\/h2>\n[\/vc_column_text][vc_custom_heading text=&#8221;Kedvezm\u00e9nyezett neve: K\u0151k\u00fat K\u00f6zs\u00e9gi \u00d6nkorm\u00e1nyzat<br \/>\nProjekt c\u00edme: Csillagh\u00e1z K\u0151k\u00faton<br \/>\nSzerz\u0151d\u00f6tt t\u00e1mogat\u00e1s \u00f6sszege: 119.980.770 Ft<br \/>\nT\u00e1mogat\u00e1s m\u00e9rt\u00e9ke: 100%<br \/>\nProjekt tervezett befejez\u00e9si d\u00e1tuma: 2023.02.28.<br \/>\nProjekt azonos\u00edt\u00f3 sz\u00e1ma: EFOP-1.6.2-16-2017-00025&#8243; font_container=&#8221;tag:p|font_size:18px|text_align:left|line_height:2em&#8221; use_theme_fonts=&#8221;yes&#8221; css_animation=&#8221;none&#8221;][\/vc_column_inner][\/vc_row_inner][vc_row_inner column_margin=&#8221;70px&#8221; column_direction=&#8221;default&#8221; column_direction_tablet=&#8221;default&#8221; column_direction_phone=&#8221;default&#8221; top_padding=&#8221;25&#8243; bottom_padding=&#8221;15&#8243; text_align=&#8221;left&#8221; row_position=&#8221;default&#8221; row_position_tablet=&#8221;inherit&#8221; row_position_phone=&#8221;inherit&#8221; overflow=&#8221;visible&#8221; pointer_events=&#8221;all&#8221;][vc_column_inner column_padding=&#8221;no-extra-padding&#8221; column_padding_tablet=&#8221;inherit&#8221; column_padding_phone=&#8221;inherit&#8221; column_padding_position=&#8221;all&#8221; column_element_spacing=&#8221;default&#8221; background_color_opacity=&#8221;1&#8243; background_hover_color_opacity=&#8221;1&#8243; column_shadow=&#8221;none&#8221; column_border_radius=&#8221;none&#8221; column_link_target=&#8221;_self&#8221; gradient_direction=&#8221;left_to_right&#8221; overlay_strength=&#8221;0.3&#8243; width=&#8221;1\/1&#8243; tablet_width_inherit=&#8221;small_desktop&#8221; animation_type=&#8221;default&#8221; enable_animation=&#8221;true&#8221; animation=&#8221;fade-in-from-bottom&#8221; bg_image_animation=&#8221;none&#8221; border_type=&#8221;simple&#8221; column_border_width=&#8221;none&#8221; column_border_style=&#8221;solid&#8221;][vc_column_text css_animation=&#8221;none&#8221; css=&#8221;.vc_custom_1641906474296{margin-bottom: 10px !important;}&#8221;]\n<h4><strong>Projekt tartalm\u00e1nak bemutat\u00e1sa<\/strong><\/h4>\n[\/vc_column_text][vc_custom_heading text=&#8221;A t\u00e1mogat\u00e1s seg\u00edts\u00e9g\u00e9vel K\u0151k\u00fat K\u00f6zs\u00e9g \u00d6nkorm\u00e1nyzata \u00e9s a L\u00e1that\u00e1r K\u00f6zhaszn\u00fa Egyes\u00fclet konzorcium\u00e1ban megval\u00f3sul\u00f3 p\u00e1ly\u00e1zat keret\u00e9ben k\u00e9pz\u00e9sek, rendezv\u00e9nyek valamint foglalkoztat\u00e1s val\u00f3sul meg. A p\u00e1ly\u00e1zat c\u00e9lja a halmozottan h\u00e1tr\u00e1nyos helyzet\u0171 emberek t\u00e1rsadalmi felz\u00e1rk\u00f3z\u00e1s\u00e1nak \u00e9s integr\u00e1ci\u00f3j\u00e1nak a seg\u00edt\u00e9se, a t\u00e1rsadalmi kirekeszt\u00e9s megsz\u00fcntet\u00e9se, egy egyenrang\u00fa telep\u00fcl\u00e9sr\u00e9sz kialakul\u00e1si folyamat\u00e1nak az elind\u00edt\u00e1sa. Egy olyan h\u00e1z l\u00e9trehoz\u00e1sa volt a c\u00e9l ahol mind a k\u00f6z\u00f6ss\u00e9gi, oktat\u00e1si, eg\u00e9szs\u00e9g\u00fcgyi, k\u00e9pz\u00e9si \u00e9s foglalkoztat\u00e1si h\u00e1tr\u00e1nyok kezel\u00e9s\u00e9vel lehet foglalkozni. A k\u00e9pz\u00e9sek keret\u00e9ben k\u0151m\u0171ves, valamint kerti munk\u00e1s OKJ k\u00e9pz\u00e9sek val\u00f3sulnak meg, k\u00fcl\u00f6nb\u00f6z\u0151 tr\u00e9ningek, mint p\u00e9ld\u00e1ul csoportos eg\u00e9szs\u00e9gfejleszt\u00e9s, \u00f6nismereti csoportfoglalkoz\u00e1s, tehets\u00e9ggondoz\u00e1s, meseter\u00e1pi\u00e1s csoport. Ezen k\u00edv\u00fcl k\u00fcl\u00f6nb\u00f6z\u0151 t\u00e1borok, kir\u00e1ndul\u00e1sok mind gyermekek mind feln\u0151ttek sz\u00e1m\u00e1ra. Rendezv\u00e9nyek keret\u00e9ben T\u00fcnd\u00e9rkert kialak\u00edt\u00e1sa, K\u00f6z\u00f6ss\u00e9gi gyermeknap, F\u0151z\u0151verseny valamint Tolerancia Kupa val\u00f3sulnak meg. A projekt megval\u00f3s\u00edt\u00e1sa sor\u00e1n teljes\u00fclt a k\u00f6telez\u0151 t\u00e1j\u00e9koztat\u00e1s \u00e9s nyilv\u00e1noss\u00e1g biztos\u00edt\u00e1sa.&#8221; font_container=&#8221;tag:p|font_size:16px|text_align:left|line_height:2em&#8221; use_theme_fonts=&#8221;yes&#8221; css_animation=&#8221;none&#8221;][\/vc_column_inner][\/vc_row_inner][\/vc_column][vc_column column_padding=&#8221;no-extra-padding&#8221; column_padding_tablet=&#8221;inherit&#8221; column_padding_phone=&#8221;inherit&#8221; column_padding_position=&#8221;all&#8221; column_element_spacing=&#8221;default&#8221; background_color_opacity=&#8221;1&#8243; background_hover_color_opacity=&#8221;1&#8243; column_shadow=&#8221;none&#8221; column_border_radius=&#8221;none&#8221; column_link_target=&#8221;_self&#8221; column_position=&#8221;default&#8221; advanced_gradient_angle=&#8221;0&#8243; gradient_direction=&#8221;left_to_right&#8221; overlay_strength=&#8221;0.5&#8243; width=&#8221;2\/5&#8243; tablet_width_inherit=&#8221;default&#8221; tablet_text_alignment=&#8221;default&#8221; phone_text_alignment=&#8221;default&#8221; animation_type=&#8221;parallax&#8221; animation_movement_type=&#8221;default&#8221; column_parallax_intensity=&#8221;-5&#8243; bg_image_animation=&#8221;none&#8221; border_type=&#8221;simple&#8221; column_border_width=&#8221;none&#8221; column_border_style=&#8221;solid&#8221; offset=&#8221;vc_col-xs-12&#8243; gradient_type=&#8221;default&#8221;][image_with_animation image_url=&#8221;172&#8243; image_size=&#8221;full&#8221; animation_type=&#8221;entrance&#8221; animation=&#8221;None&#8221; hover_animation=&#8221;none&#8221; alignment=&#8221;&#8221; border_radius=&#8221;none&#8221; box_shadow=&#8221;none&#8221; image_loading=&#8221;default&#8221; max_width=&#8221;100%&#8221; max_width_mobile=&#8221;default&#8221;][\/vc_column][\/vc_row]\n","protected":false},"excerpt":{"rendered":"<p>[vc_row type=&#8221;in_container&#8221; full_screen_row_position=&#8221;middle&#8221; column_margin=&#8221;default&#8221; column_direction=&#8221;default&#8221; column_direction_tablet=&#8221;default&#8221; column_direction_phone=&#8221;default&#8221; scene_position=&#8221;center&#8221; text_color=&#8221;dark&#8221; text_align=&#8221;left&#8221; row_border_radius=&#8221;none&#8221; row_border_radius_applies=&#8221;bg&#8221; overflow=&#8221;visible&#8221; overlay_strength=&#8221;0.3&#8243; gradient_direction=&#8221;left_to_right&#8221; shape_divider_position=&#8221;bottom&#8221; bg_image_animation=&#8221;none&#8221;][vc_column column_padding=&#8221;no-extra-padding&#8221; column_padding_tablet=&#8221;inherit&#8221; column_padding_phone=&#8221;inherit&#8221; column_padding_position=&#8221;all&#8221; column_element_spacing=&#8221;default&#8221; background_color_opacity=&#8221;1&#8243; background_hover_color_opacity=&#8221;1&#8243; column_shadow=&#8221;none&#8221; column_border_radius=&#8221;none&#8221; column_link_target=&#8221;_self&#8221; column_position=&#8221;default&#8221; gradient_direction=&#8221;left_to_right&#8221; overlay_strength=&#8221;0.3&#8243;&#8230;<\/p>\n","protected":false},"author":2,"featured_media":0,"parent":0,"menu_order":0,"comment_status":"closed","ping_status":"closed","template":"","meta":[],"_links":{"self":[{"href":"https:\/\/lathataregyesulet.hu\/index.php\/wp-json\/wp\/v2\/pages\/95"}],"collection":[{"href":"https:\/\/lathataregyesulet.hu\/index.php\/wp-json\/wp\/v2\/pages"}],"about":[{"href":"https:\/\/lathataregyesulet.hu\/index.php\/wp-json\/wp\/v2\/types\/page"}],"author":[{"embeddable":true,"href":"https:\/\/lathataregyesulet.hu\/index.php\/wp-json\/wp\/v2\/users\/2"}],"replies":[{"embeddable":true,"href":"https:\/\/lathataregyesulet.hu\/index.php\/wp-json\/wp\/v2\/comments?post=95"}],"version-history":[{"count":5,"href":"https:\/\/lathataregyesulet.hu\/index.php\/wp-json\/wp\/v2\/pages\/95\/revisions"}],"predecessor-version":[{"id":188,"href":"https:\/\/lathataregyesulet.hu\/index.php\/wp-json\/wp\/v2\/pages\/95\/revisions\/188"}],"wp:attachment":[{"href":"https:\/\/lathataregyesulet.hu\/index.php\/wp-json\/wp\/v2\/media?parent=95"}],"curies":[{"name":"wp","href":"https:\/\/api.w.org\/{rel}","templated":true}]}}